{"id":2837,"date":"2018-08-14T02:26:16","date_gmt":"2018-08-14T05:26:16","guid":{"rendered":"https:\/\/compraventakarting.com.ar\/?page_id=2837"},"modified":"2026-01-11T02:47:20","modified_gmt":"2026-01-11T05:47:20","slug":"form","status":"publish","type":"page","link":"https:\/\/compraventakarting.com.ar\/?page_id=2837","title":{"rendered":"PUBLICA TU AVISO"},"content":{"rendered":"<ul>\n<li><span style=\"color: #3366ff;\"><em>TU AVISO llegar\u00e1 a m\u00e1s de 65 MIL seguidores exclusivos de karting. <\/em><\/span><\/li>\n<\/ul>\n<p><span style=\"color: #ff0000;\"><strong>1\u00ba PASO:<\/strong><\/span>\u00a0<span style=\"color: #000000;\"><strong>ENV\u00cdAS<\/strong> descripci\u00f3n de tu aviso, fotos y localidad.<\/span><\/p>\n<p><strong><span style=\"color: #ff0000;\">2\u00ba PASO:<\/span><\/strong>\u00a0<span style=\"color: #000000;\">Pago por <strong>\u00daNICA VEZ<\/strong><\/span><\/p>\n<p><strong><span style=\"color: #ff0000;\">3\u00ba PASO:<\/span><\/strong>\u00a0<span style=\"color: #000000;\"><strong>PUBLICAMOS<\/strong> tu aviso en web y redes sociales! <\/span><\/p>\n<hr \/>\n<p><a href=\"https:\/\/wa.me\/542634287970?text=%F0%9F%9F%A2%20Quiero%20publicar%20mi%20aviso%20en%20www.compraventakarting.com.ar%20%0A%0A%F0%9F%94%94%20Me%20dices%20como%20hacerlo?\" target=\"_blank\" rel=\"noopener\"><img loading=\"lazy\" decoding=\"async\" class=\"aligncenter wp-image-10105 size-full\" src=\"https:\/\/compraventakarting.com.ar\/wp-content\/uploads\/2026\/01\/300.publicatuaviso2026-1.gif\" alt=\"\" width=\"300\" height=\"150\" \/><\/a><\/p>\n<hr \/>\n<h3 style=\"text-align: center;\">\u2705\u00a0<a href=\"https:\/\/compraventakarting.com.ar\/\" target=\"_blank\" rel=\"noopener\">\u00daltimos Clasificados<\/a><\/h3>\n<hr \/>\n<p style=\"text-align: center;\"><iframe loading=\"lazy\" src=\"https:\/\/www.youtube.com\/embed\/0xyk2yjb3HQ\" width=\"560\" height=\"315\" frameborder=\"0\" allowfullscreen=\"allowfullscreen\"><\/iframe><\/p>\n<hr \/>\n<p style=\"text-align: center;\"><span style=\"color: #ff0000;\"><strong>Sitio L\u00edder en &#8220;Avisos Clasificados&#8221; de Karting en Argentina desde 2015<\/strong><\/span><\/p>\n<hr \/>\n<p style=\"padding-left: 30px;\"><em>LEGAL. El sitio web \u201cCompra Venta Karting\u201d no es parte en ninguna negociaci\u00f3n entre quien publica el aviso (llamado vendedor) y la persona e entidad que se interese y pueda concretar la operaci\u00f3n (llamado comprador). Solo publicamos avisos clasificados seg\u00fan las indicaciones de cada vendedor, que obligatoriamente debe dar un dato de contacto para los lectores interesados. Cada vendedor tiene el derecho de retirar los datos de contacto del aviso cuando lo crea conveniente. Cada aviso puede contener como m\u00e1ximo 1 (un) chasis y 1 (un) motor. Cada aviso permanecer\u00e1 publicado durante 6 meses, luego pasar\u00e1 al status de &#8220;vendido&#8221;.<\/em><\/p>\n<div id=\"qrcode\">\n<hr \/>\n<p><img decoding=\"async\" class=\"aligncenter\" src=\"https:\/\/www.codigos-qr.com\/qr\/php\/qr_img.php?d=http%3A%2F%2Fcompraventakarting.com.ar%2F&amp;s=10&amp;e=m\" alt=\"Generador de C\u00f3digos QR Codes\" \/><\/p>\n<hr \/>\n<\/div>\n","protected":false},"excerpt":{"rendered":"<p>TU AVISO llegar\u00e1 a m\u00e1s de 65 MIL seguidores exclusivos de karting. 1\u00ba PASO:\u00a0ENV\u00cdAS descripci\u00f3n de tu aviso, fotos y localidad. 2\u00ba PASO:\u00a0Pago por \u00daNICA VEZ 3\u00ba PASO:\u00a0PUBLICAMOS tu aviso en web y redes sociales! \u2705\u00a0\u00daltimos Clasificados Sitio L\u00edder en &#8220;Avisos Clasificados&#8221; de Karting en Argentina desde 2015 LEGAL. El sitio web \u201cCompra Venta Karting\u201d [&hellip;]<\/p>\n","protected":false},"author":1,"featured_media":0,"parent":0,"menu_order":0,"comment_status":"closed","ping_status":"closed","template":"page-fullwidth.php","meta":{"footnotes":""},"class_list":["post-2837","page","type-page","status-publish","hentry"],"yoast_head":"<!-- This site is optimized with the Yoast SEO Premium plugin v14.7 - https:\/\/yoast.com\/wordpress\/plugins\/seo\/ -->\n<title>PUBLICA TU AVISO - COMPRA VENTA KARTING<\/title>\n<meta name=\"robots\" content=\"index, follow\" \/>\n<meta name=\"googlebot\" content=\"index, follow, max-snippet:-1, max-image-preview:large, max-video-preview:-1\" \/>\n<meta name=\"bingbot\" content=\"index, follow, max-snippet:-1, max-image-preview:large, max-video-preview:-1\" \/>\n<link rel=\"canonical\" href=\"https:\/\/compraventakarting.com.ar\/?page_id=2837\" \/>\n<meta property=\"og:locale\" content=\"en_US\" \/>\n<meta property=\"og:type\" content=\"article\" \/>\n<meta property=\"og:title\" content=\"PUBLICA TU AVISO - COMPRA VENTA KARTING\" \/>\n<meta property=\"og:description\" content=\"TU AVISO llegar\u00e1 a m\u00e1s de 65 MIL seguidores exclusivos de karting. 1\u00ba PASO:\u00a0ENV\u00cdAS descripci\u00f3n de tu aviso, fotos y localidad. 2\u00ba PASO:\u00a0Pago por \u00daNICA VEZ 3\u00ba PASO:\u00a0PUBLICAMOS tu aviso en web y redes sociales! \u2705\u00a0\u00daltimos Clasificados Sitio L\u00edder en &#8220;Avisos Clasificados&#8221; de Karting en Argentina desde 2015 LEGAL. El sitio web \u201cCompra Venta Karting\u201d [&hellip;]\" \/>\n<meta property=\"og:url\" content=\"https:\/\/compraventakarting.com.ar\/?page_id=2837\" \/>\n<meta property=\"og:site_name\" content=\"COMPRA VENTA KARTING\" \/>\n<meta property=\"article:modified_time\" content=\"2026-01-11T05:47:20+00:00\" \/>\n<meta property=\"og:image\" content=\"https:\/\/www.codigos-qr.com\/qr\/php\/qr_img.php?d=http%3A%2F%2Fcompraventakarting.com.ar%2F&#038;s=10&#038;e=m\" \/>\n<meta property=\"fb:app_id\" content=\"1734152986738320\" \/>\n<meta name=\"twitter:card\" content=\"summary_large_image\" \/>\n<script type=\"application\/ld+json\" class=\"yoast-schema-graph\">{\"@context\":\"https:\/\/schema.org\",\"@graph\":[{\"@type\":\"WebSite\",\"@id\":\"https:\/\/compraventakarting.com.ar\/#website\",\"url\":\"https:\/\/compraventakarting.com.ar\/\",\"name\":\"COMPRA VENTA KARTING\",\"description\":\"Avisos Clasificados de Karting en Argentina\",\"potentialAction\":[{\"@type\":\"SearchAction\",\"target\":\"https:\/\/compraventakarting.com.ar\/?s={search_term_string}\",\"query-input\":\"required name=search_term_string\"}],\"inLanguage\":\"en-US\"},{\"@type\":\"ImageObject\",\"@id\":\"https:\/\/compraventakarting.com.ar\/?page_id=2837#primaryimage\",\"inLanguage\":\"en-US\",\"url\":\"https:\/\/compraventakarting.com.ar\/wp-content\/uploads\/2026\/01\/300.publicatuaviso2026-1.gif\",\"width\":300,\"height\":150},{\"@type\":\"WebPage\",\"@id\":\"https:\/\/compraventakarting.com.ar\/?page_id=2837#webpage\",\"url\":\"https:\/\/compraventakarting.com.ar\/?page_id=2837\",\"name\":\"PUBLICA TU AVISO - COMPRA VENTA KARTING\",\"isPartOf\":{\"@id\":\"https:\/\/compraventakarting.com.ar\/#website\"},\"primaryImageOfPage\":{\"@id\":\"https:\/\/compraventakarting.com.ar\/?page_id=2837#primaryimage\"},\"datePublished\":\"2018-08-14T05:26:16+00:00\",\"dateModified\":\"2026-01-11T05:47:20+00:00\",\"inLanguage\":\"en-US\",\"potentialAction\":[{\"@type\":\"ReadAction\",\"target\":[\"https:\/\/compraventakarting.com.ar\/?page_id=2837\"]}]}]}<\/script>\n<!-- \/ Yoast SEO Premium plugin. -->","_links":{"self":[{"href":"https:\/\/compraventakarting.com.ar\/index.php?rest_route=\/wp\/v2\/pages\/2837","targetHints":{"allow":["GET"]}}],"collection":[{"href":"https:\/\/compraventakarting.com.ar\/index.php?rest_route=\/wp\/v2\/pages"}],"about":[{"href":"https:\/\/compraventakarting.com.ar\/index.php?rest_route=\/wp\/v2\/types\/page"}],"author":[{"embeddable":true,"href":"https:\/\/compraventakarting.com.ar\/index.php?rest_route=\/wp\/v2\/users\/1"}],"replies":[{"embeddable":true,"href":"https:\/\/compraventakarting.com.ar\/index.php?rest_route=%2Fwp%2Fv2%2Fcomments&post=2837"}],"version-history":[{"count":50,"href":"https:\/\/compraventakarting.com.ar\/index.php?rest_route=\/wp\/v2\/pages\/2837\/revisions"}],"predecessor-version":[{"id":10114,"href":"https:\/\/compraventakarting.com.ar\/index.php?rest_route=\/wp\/v2\/pages\/2837\/revisions\/10114"}],"wp:attachment":[{"href":"https:\/\/compraventakarting.com.ar\/index.php?rest_route=%2Fwp%2Fv2%2Fmedia&parent=2837"}],"curies":[{"name":"wp","href":"https:\/\/api.w.org\/{rel}","templated":true}]}}